{"id":3940,"date":"2025-01-08T06:36:24","date_gmt":"2025-01-08T06:36:24","guid":{"rendered":"https:\/\/alturistravel.com\/planificacion-de-viajes-a-medida\/"},"modified":"2026-02-20T05:51:07","modified_gmt":"2026-02-20T05:51:07","slug":"planificacion-de-viajes-a-medida","status":"publish","type":"page","link":"https:\/\/alturistravel.com\/es\/inicio-agencia-de-viajes-receptiva-dubai\/nuestros-servicios\/planificacion-de-viajes-a-medida\/","title":{"rendered":"Planificaci\u00f3n de viajes a medida"},"content":{"rendered":"\t\t<div data-elementor-type=\"wp-page\" data-elementor-id=\"3940\" class=\"elementor elementor-3940 elementor-273\" data-elementor-post-type=\"page\">\n\t\t\t\t<div class=\"elementor-element elementor-element-38b7410 twbb_section twbb_full_h e-con-full e-flex e-con e-parent\" data-id=\"38b7410\" data-element_type=\"container\" data-settings=\"{&quot;background_background&quot;:&quot;classic&quot;,&quot;background_motion_fx_motion_fx_scrolling&quot;:&quot;yes&quot;,&quot;background_motion_fx_scale_effect&quot;:&quot;yes&quot;,&quot;background_motion_fx_scale_speed&quot;:{&quot;unit&quot;:&quot;px&quot;,&quot;size&quot;:7,&quot;sizes&quot;:[]},&quot;shape_divider_bottom&quot;:&quot;opacity-fan&quot;,&quot;background_motion_fx_scale_direction&quot;:&quot;out-in&quot;,&quot;background_motion_fx_scale_range&quot;:{&quot;unit&quot;:&quot;%&quot;,&quot;size&quot;:&quot;&quot;,&quot;sizes&quot;:{&quot;start&quot;:20,&quot;end&quot;:80}},&quot;background_motion_fx_devices&quot;:[&quot;desktop&quot;,&quot;tablet&quot;,&quot;mobile&quot;]}\">\n\t\t\t\t<div class=\"elementor-shape elementor-shape-bottom\" aria-hidden=\"true\" data-negative=\"false\">\n\t\t\t<svg xmlns=\"http:\/\/www.w3.org\/2000\/svg\" viewBox=\"0 0 283.5 19.6\" preserveAspectRatio=\"none\">\n\t<path class=\"elementor-shape-fill\" style=\"opacity:0.33\" d=\"M0 0L0 18.8 141.8 4.1 283.5 18.8 283.5 0z\"\/>\n\t<path class=\"elementor-shape-fill\" style=\"opacity:0.33\" d=\"M0 0L0 12.6 141.8 4 283.5 12.6 283.5 0z\"\/>\n\t<path class=\"elementor-shape-fill\" style=\"opacity:0.33\" d=\"M0 0L0 6.4 141.8 4 283.5 6.4 283.5 0z\"\/>\n\t<path class=\"elementor-shape-fill\" d=\"M0 0L0 1.2 141.8 4 283.5 1.2 283.5 0z\"\/>\n<\/svg>\t\t<\/div>\n\t\t\t\t<div class=\"elementor-element elementor-element-4ced61f elementor-widget__width-initial elementor-widget-mobile__width-inherit elementor-widget-tablet__width-initial elementor-invisible elementor-widget elementor-widget-heading\" data-id=\"4ced61f\" data-element_type=\"widget\" data-settings=\"{&quot;_animation&quot;:&quot;fadeInUp&quot;}\" data-widget_type=\"heading.default\">\n\t\t\t\t<div class=\"elementor-widget-container\">\n\t\t\t\t\t<h1 class=\"elementor-heading-title elementor-size-default\">Planificaci\u00f3n de viajes a medida<\/h1>\t\t\t\t<\/div>\n\t\t\t\t<\/div>\n\t\t\t\t<\/div>\n\t\t<div class=\"elementor-element elementor-element-8a7b697 e-con-full e-flex e-con e-child\" data-id=\"8a7b697\" data-element_type=\"container\">\n\t\t\t\t<div class=\"elementor-element elementor-element-48f2601 elementor-widget__width-initial elementor-widget elementor-widget-image\" data-id=\"48f2601\" data-element_type=\"widget\" data-settings=\"{&quot;motion_fx_motion_fx_scrolling&quot;:&quot;yes&quot;,&quot;motion_fx_scale_effect&quot;:&quot;yes&quot;,&quot;motion_fx_scale_direction&quot;:&quot;out-in&quot;,&quot;motion_fx_scale_speed&quot;:{&quot;unit&quot;:&quot;px&quot;,&quot;size&quot;:4,&quot;sizes&quot;:[]},&quot;motion_fx_scale_range&quot;:{&quot;unit&quot;:&quot;%&quot;,&quot;size&quot;:&quot;&quot;,&quot;sizes&quot;:{&quot;start&quot;:20,&quot;end&quot;:80}},&quot;motion_fx_devices&quot;:[&quot;desktop&quot;,&quot;tablet&quot;,&quot;mobile&quot;]}\" data-widget_type=\"image.default\">\n\t\t\t\t<div class=\"elementor-widget-container\">\n\t\t\t\t\t\t\t\t\t\t\t\t\t\t\t<img fetchpriority=\"high\" decoding=\"async\" width=\"768\" height=\"768\" src=\"https:\/\/alturistravel.com\/wp-content\/uploads\/2026\/02\/icon-alturis-logo-768x768.png\" class=\"attachment-tenweb_optimizer_tablet size-tenweb_optimizer_tablet wp-image-7314\" alt=\"\" srcset=\"https:\/\/alturistravel.com\/wp-content\/uploads\/2026\/02\/icon-alturis-logo-768x768.png 768w, https:\/\/alturistravel.com\/wp-content\/uploads\/2026\/02\/icon-alturis-logo-300x300.png 300w, https:\/\/alturistravel.com\/wp-content\/uploads\/2026\/02\/icon-alturis-logo-1024x1024.png 1024w, https:\/\/alturistravel.com\/wp-content\/uploads\/2026\/02\/icon-alturis-logo-150x150.png 150w, https:\/\/alturistravel.com\/wp-content\/uploads\/2026\/02\/icon-alturis-logo-600x600.png 600w, https:\/\/alturistravel.com\/wp-content\/uploads\/2026\/02\/icon-alturis-logo.png 1152w\" sizes=\"(max-width: 768px) 100vw, 768px\" \/>\t\t\t\t\t\t\t\t\t\t\t\t\t\t\t<\/div>\n\t\t\t\t<\/div>\n\t\t\t\t<\/div>\n\t\t<div class=\"elementor-element elementor-element-3f277d8 e-flex e-con-boxed e-con e-parent\" data-id=\"3f277d8\" data-element_type=\"container\">\n\t\t\t\t\t<div class=\"e-con-inner\">\n\t\t\t\t<div class=\"elementor-element elementor-element-76b65ba elementor-widget elementor-widget-twbb_breadcrumb\" data-id=\"76b65ba\" data-element_type=\"widget\" data-widget_type=\"twbb_breadcrumb.default\">\n\t\t\t\t<div class=\"elementor-widget-container\">\n\t\t\t\t\t<ul class=\"twbb-breadcrumb\"><li><a href=\"https:\/\/alturistravel.com\/es\/\">Inicio<\/a><span class=\"breadcrumb-separator\"><svg aria-hidden=\"true\" class=\"e-font-icon-svg e-fa-angle-right\" viewBox=\"0 0 256 512\" xmlns=\"http:\/\/www.w3.org\/2000\/svg\"><path d=\"M224.3 273l-136 136c-9.4 9.4-24.6 9.4-33.9 0l-22.6-22.6c-9.4-9.4-9.4-24.6 0-33.9l96.4-96.4-96.4-96.4c-9.4-9.4-9.4-24.6 0-33.9L54.3 103c9.4-9.4 24.6-9.4 33.9 0l136 136c9.5 9.4 9.5 24.6.1 34z\"><\/path><\/svg><\/span><\/li><\/ul>\t\t\t\t<\/div>\n\t\t\t\t<\/div>\n\t\t\t\t\t<\/div>\n\t\t\t\t<\/div>\n\t\t<div class=\"elementor-element elementor-element-1c8d472 e-flex e-con-boxed e-con e-parent\" data-id=\"1c8d472\" data-element_type=\"container\">\n\t\t\t\t\t<div class=\"e-con-inner\">\n\t\t\t\t<div class=\"elementor-element elementor-element-32e0260 elementor-widget elementor-widget-spacer\" data-id=\"32e0260\" data-element_type=\"widget\" data-widget_type=\"spacer.default\">\n\t\t\t\t<div class=\"elementor-widget-container\">\n\t\t\t\t\t\t\t<div class=\"elementor-spacer\">\n\t\t\t<div class=\"elementor-spacer-inner\"><\/div>\n\t\t<\/div>\n\t\t\t\t\t\t<\/div>\n\t\t\t\t<\/div>\n\t\t\t\t<div class=\"elementor-element elementor-element-e3aad37 elementor-invisible elementor-widget elementor-widget-heading\" data-id=\"e3aad37\" data-element_type=\"widget\" data-settings=\"{&quot;_animation&quot;:&quot;slideInUp&quot;}\" data-widget_type=\"heading.default\">\n\t\t\t\t<div class=\"elementor-widget-container\">\n\t\t\t\t\t<h2 class=\"elementor-heading-title elementor-size-default\">M\u00e1s que turismo. Viajes reales, dise\u00f1ados a tu medida. <\/h2>\t\t\t\t<\/div>\n\t\t\t\t<\/div>\n\t\t\t\t<div class=\"elementor-element elementor-element-c8e5aa4 elementor-widget elementor-widget-text-editor\" data-id=\"c8e5aa4\" data-element_type=\"widget\" data-widget_type=\"text-editor.default\">\n\t\t\t\t<div class=\"elementor-widget-container\">\n\t\t\t\t\t\t\t\t\t<p data-start=\"106\" data-end=\"163\">En Alturis, no vendemos paquetes.<br data-start=\"141\" data-end=\"144\">Creamos experiencias.<\/p><p data-start=\"165\" data-end=\"435\">Como agencia de viajes receptiva y DMC con sede en Dub\u00e1i, dise\u00f1amos experiencias totalmente personalizadas en los Emiratos \u00c1rabes Unidos y Om\u00e1n. Cada programa se crea desde cero, adapt\u00e1ndose al viajero: su personalidad, su ritmo, sus expectativas y su presupuesto. <\/p><p data-start=\"437\" data-end=\"512\">Porque no hay dos viajeros iguales, tampoco deber\u00edan haber dos itinerarios iguales.<\/p>\t\t\t\t\t\t\t\t<\/div>\n\t\t\t\t<\/div>\n\t\t<div class=\"elementor-element elementor-element-1fbfe66 e-con-full e-flex e-con e-child\" data-id=\"1fbfe66\" data-element_type=\"container\">\n\t\t\t\t<div class=\"elementor-element elementor-element-b5c6f74 elementor-mobile-align-center elementor-align-center elementor-widget elementor-widget-button\" data-id=\"b5c6f74\" data-element_type=\"widget\" data-widget_type=\"button.default\">\n\t\t\t\t<div class=\"elementor-widget-container\">\n\t\t\t\t\t\t\t\t\t<div class=\"elementor-button-wrapper\">\n\t\t\t\t\t<a class=\"elementor-button elementor-button-link elementor-size-sm\" href=\"https:\/\/alturistravel.com\/es\/inicio-agencia-de-viajes-receptiva-dubai\/nuestros-servicios\/nuestros-viajes\/\">\n\t\t\t\t\t\t<span class=\"elementor-button-content-wrapper\">\n\t\t\t\t\t\t\t\t\t<span class=\"elementor-button-text\">Ver nuestros viajes<\/span>\n\t\t\t\t\t<\/span>\n\t\t\t\t\t<\/a>\n\t\t\t\t<\/div>\n\t\t\t\t\t\t\t\t<\/div>\n\t\t\t\t<\/div>\n\t\t\t\t<div class=\"elementor-element elementor-element-0da21cd elementor-align-left elementor-mobile-align-center elementor-widget elementor-widget-button\" data-id=\"0da21cd\" data-element_type=\"widget\" data-widget_type=\"button.default\">\n\t\t\t\t<div class=\"elementor-widget-container\">\n\t\t\t\t\t\t\t\t\t<div class=\"elementor-button-wrapper\">\n\t\t\t\t\t<a class=\"elementor-button elementor-button-link elementor-size-sm\" href=\"https:\/\/alturistravel.com\/es\/inicio-agencia-de-viajes-receptiva-dubai\/nuestros-servicios\/\">\n\t\t\t\t\t\t<span class=\"elementor-button-content-wrapper\">\n\t\t\t\t\t\t\t\t\t<span class=\"elementor-button-text\">Nuestros servicios<\/span>\n\t\t\t\t\t<\/span>\n\t\t\t\t\t<\/a>\n\t\t\t\t<\/div>\n\t\t\t\t\t\t\t\t<\/div>\n\t\t\t\t<\/div>\n\t\t\t\t<\/div>\n\t\t\t\t\t<\/div>\n\t\t\t\t<\/div>\n\t\t<div class=\"elementor-element elementor-element-c78cf0e e-flex e-con-boxed e-con e-parent\" data-id=\"c78cf0e\" data-element_type=\"container\">\n\t\t\t\t\t<div class=\"e-con-inner\">\n\t\t<div class=\"elementor-element elementor-element-d143e08 e-con-full e-flex e-con e-child\" data-id=\"d143e08\" data-element_type=\"container\" data-settings=\"{&quot;background_background&quot;:&quot;classic&quot;}\">\n\t\t\t\t<div class=\"elementor-element elementor-element-6037d72 elementor-widget elementor-widget-heading\" data-id=\"6037d72\" data-element_type=\"widget\" data-widget_type=\"heading.default\">\n\t\t\t\t<div class=\"elementor-widget-container\">\n\t\t\t\t\t<h2 class=\"elementor-heading-title elementor-size-default\">Viajes dise\u00f1ados con un prop\u00f3sito y construidos con experiencia local<\/h2>\t\t\t\t<\/div>\n\t\t\t\t<\/div>\n\t\t\t\t<div class=\"elementor-element elementor-element-6bc3280 elementor-widget elementor-widget-text-editor\" data-id=\"6bc3280\" data-element_type=\"widget\" data-widget_type=\"text-editor.default\">\n\t\t\t\t<div class=\"elementor-widget-container\">\n\t\t\t\t\t\t\t\t\t<p data-start=\"112\" data-end=\"260\">En Alturis, los viajes personalizados no son una tendencia ni una frase de marketing: son la esencia de c\u00f3mo hemos trabajado desde que abrimos nuestro DMC en Dub\u00e1i en 2016.<\/p><p data-start=\"262\" data-end=\"458\">Somos una agencia de viajes receptiva especializada en <strong data-start=\"313\" data-end=\"346\">Emiratos \u00c1rabes Unidos <\/strong>y Om\u00e1n, y nuestra filosof\u00eda es simple: no creamos programas para llenar agendas, creamos viajes que tienen sentido.<\/p><p data-start=\"460\" data-end=\"776\">Los Emiratos \u00c1rabes Unidos y Om\u00e1n son destinos de contraste y profundidad. Tras el horizonte de Dub\u00e1i se esconde una naci\u00f3n joven con fuertes ra\u00edces beduinas. M\u00e1s all\u00e1 de la grandeza de Abu Dabi se encuentra un legado forjado por los buscadores de perlas y las tribus del desierto. En Om\u00e1n, las monta\u00f1as se encuentran con los uadis, los fiordos con los antiguos fuertes, y la hospitalidad se mantiene profundamente aut\u00e9ntica.   <\/p><p data-start=\"778\" data-end=\"965\">Para comprender estos destinos, se necesita m\u00e1s que una simple lista de atracciones. Se necesita presencia local, comprensi\u00f3n cultural y experiencia pr\u00e1ctica. Eso es precisamente lo que ofrecemos.  <\/p>\t\t\t\t\t\t\t\t<\/div>\n\t\t\t\t<\/div>\n\t\t\t\t<\/div>\n\t\t<div class=\"elementor-element elementor-element-763daae e-con-full e-flex e-con e-child\" data-id=\"763daae\" data-element_type=\"container\" data-settings=\"{&quot;background_background&quot;:&quot;classic&quot;}\">\n\t\t\t\t<\/div>\n\t\t<div class=\"elementor-element elementor-element-ec80570 e-con-full e-flex e-con e-child\" data-id=\"ec80570\" data-element_type=\"container\" data-settings=\"{&quot;background_background&quot;:&quot;classic&quot;}\">\n\t\t\t\t<\/div>\n\t\t<div class=\"elementor-element elementor-element-7786780 e-con-full e-flex e-con e-child\" data-id=\"7786780\" data-element_type=\"container\" data-settings=\"{&quot;background_background&quot;:&quot;classic&quot;}\">\n\t\t\t\t<div class=\"elementor-element elementor-element-3001a88 elementor-widget elementor-widget-heading\" data-id=\"3001a88\" data-element_type=\"widget\" data-widget_type=\"heading.default\">\n\t\t\t\t<div class=\"elementor-widget-container\">\n\t\t\t\t\t<h2 class=\"elementor-heading-title elementor-size-default\">Todo viaje comienza escuchando<\/h2>\t\t\t\t<\/div>\n\t\t\t\t<\/div>\n\t\t\t\t<div class=\"elementor-element elementor-element-8f4918a elementor-widget elementor-widget-text-editor\" data-id=\"8f4918a\" data-element_type=\"widget\" data-widget_type=\"text-editor.default\">\n\t\t\t\t<div class=\"elementor-widget-container\">\n\t\t\t\t\t\t\t\t\t<p data-start=\"1016\" data-end=\"1090\">Creemos que dise\u00f1ar un viaje comienza con entender al viajero.<\/p><p data-start=\"1092\" data-end=\"1252\">\u00bfCual es su ritmo?<br data-start=\"1111\" data-end=\"1114\">\u00bfQu\u00e9 los inspira?<br data-start=\"1133\" data-end=\"1136\">\u00bfBuscan inmersi\u00f3n cultural, \u00edconos arquitect\u00f3nicos, aventuras en el desierto, lujo refinado o autenticidad tranquila?<\/p><p data-start=\"1254\" data-end=\"1384\">Una vez que entendemos el perfil, creamos un programa completamente desde cero. No hay plantillas fijas ni paquetes est\u00e1ndar. <\/p><p data-start=\"1386\" data-end=\"1408\">Seleccionamos cuidadosamente:<\/p><ul data-start=\"1409\" data-end=\"1660\"><li data-start=\"1409\" data-end=\"1482\"><p data-start=\"1411\" data-end=\"1482\">La categor\u00eda de alojamiento adecuada seg\u00fan expectativas y presupuesto.<\/p><\/li><li data-start=\"1483\" data-end=\"1521\"><p data-start=\"1485\" data-end=\"1521\">Las zonas m\u00e1s adecuadas para alojarse<\/p><\/li><li data-start=\"1522\" data-end=\"1569\"><p data-start=\"1524\" data-end=\"1569\">Traslados privados con conductores profesionales<\/p><\/li><li data-start=\"1570\" data-end=\"1617\"><p data-start=\"1572\" data-end=\"1617\">Gu\u00edas multiling\u00fces experimentados cuando sea necesario<\/p><\/li><li data-start=\"1618\" data-end=\"1660\"><p data-start=\"1620\" data-end=\"1660\">Experiencias que van m\u00e1s all\u00e1 de lo obvio<\/p><\/li><\/ul><p data-start=\"1662\" data-end=\"1741\">El resultado es un itinerario equilibrado que se siente natural, fluido y personalizado.<\/p>\t\t\t\t\t\t\t\t<\/div>\n\t\t\t\t<\/div>\n\t\t\t\t<\/div>\n\t\t\t\t\t<\/div>\n\t\t\t\t<\/div>\n\t\t<div class=\"elementor-element elementor-element-fc73284 e-flex e-con-boxed e-con e-parent\" data-id=\"fc73284\" data-element_type=\"container\">\n\t\t\t\t\t<div class=\"e-con-inner\">\n\t\t<div class=\"elementor-element elementor-element-93c25e5 e-con-full e-flex e-con e-child\" data-id=\"93c25e5\" data-element_type=\"container\" data-settings=\"{&quot;background_background&quot;:&quot;classic&quot;}\">\n\t\t\t\t<div class=\"elementor-element elementor-element-95b55a0 elementor-widget elementor-widget-heading\" data-id=\"95b55a0\" data-element_type=\"widget\" data-widget_type=\"heading.default\">\n\t\t\t\t<div class=\"elementor-widget-container\">\n\t\t\t\t\t<h2 class=\"elementor-heading-title elementor-size-default\">M\u00e1s que turismo: experiencias reales<\/h2>\t\t\t\t<\/div>\n\t\t\t\t<\/div>\n\t\t\t\t<div class=\"elementor-element elementor-element-6fde1ea elementor-widget elementor-widget-text-editor\" data-id=\"6fde1ea\" data-element_type=\"widget\" data-widget_type=\"text-editor.default\">\n\t\t\t\t<div class=\"elementor-widget-container\">\n\t\t\t\t\t\t\t\t\t<p data-start=\"1793\" data-end=\"1891\">Cualquiera puede reservar un hotel y un traslado.<br data-start=\"1832\" data-end=\"1835\">Lo que marca la diferencia es c\u00f3mo se organiza el viaje.<\/p><p data-start=\"1893\" data-end=\"2126\">En los Emiratos \u00c1rabes Unidos, esto podr\u00eda significar combinar un amanecer en las dunas rojas con una exploraci\u00f3n de barrios hist\u00f3ricos, un crucero en yate privado o una visita cultural inmersiva que explique el r\u00e1pido desarrollo y las profundas tradiciones del pa\u00eds..<\/p><p data-start=\"2128\" data-end=\"2357\">En Om\u00e1n, podr\u00eda ser una noche bajo las estrellas en el desierto, una estancia en las monta\u00f1as de Jabal Akhdar, nadar en uadis turquesas o descubrir fortalezas centenarias y pueblos locales donde la vida a\u00fan se mueve a un ritmo diferente.<\/p><p data-start=\"2359\" data-end=\"2501\">Dise\u00f1amos programas que reflejan la verdadera identidad de cada destino: no s\u00f3lo lo m\u00e1s destacado, sino tambi\u00e9n la atm\u00f3sfera, la cultura, las historias.<\/p>\t\t\t\t\t\t\t\t<\/div>\n\t\t\t\t<\/div>\n\t\t\t\t<\/div>\n\t\t<div class=\"elementor-element elementor-element-ae8405d e-con-full e-flex e-con e-child\" data-id=\"ae8405d\" data-element_type=\"container\" data-settings=\"{&quot;background_background&quot;:&quot;classic&quot;}\">\n\t\t\t\t<\/div>\n\t\t<div class=\"elementor-element elementor-element-50da942 e-con-full e-flex e-con e-child\" data-id=\"50da942\" data-element_type=\"container\" data-settings=\"{&quot;background_background&quot;:&quot;classic&quot;}\">\n\t\t\t\t<\/div>\n\t\t<div class=\"elementor-element elementor-element-0c59012 e-con-full e-flex e-con e-child\" data-id=\"0c59012\" data-element_type=\"container\" data-settings=\"{&quot;background_background&quot;:&quot;classic&quot;}\">\n\t\t\t\t<div class=\"elementor-element elementor-element-8aaa7c5 elementor-widget elementor-widget-heading\" data-id=\"8aaa7c5\" data-element_type=\"widget\" data-widget_type=\"heading.default\">\n\t\t\t\t<div class=\"elementor-widget-container\">\n\t\t\t\t\t<h2 class=\"elementor-heading-title elementor-size-default\">Presencia local. Flexibilidad real. <\/h2>\t\t\t\t<\/div>\n\t\t\t\t<\/div>\n\t\t\t\t<div class=\"elementor-element elementor-element-d25d215 elementor-widget elementor-widget-text-editor\" data-id=\"d25d215\" data-element_type=\"widget\" data-widget_type=\"text-editor.default\">\n\t\t\t\t<div class=\"elementor-widget-container\">\n\t\t\t\t\t\t\t\t\t<p data-start=\"2550\" data-end=\"2700\">Debido a que tenemos nuestra sede en Dub\u00e1i y operamos directamente en Om\u00e1n, mantenemos relaciones estrechas con hoteles, proveedores, gu\u00edas y proveedores de transporte.<\/p><p data-start=\"2702\" data-end=\"2722\">Esto nos permite:<\/p><ul data-start=\"2723\" data-end=\"2873\"><li data-start=\"2723\" data-end=\"2740\"><p data-start=\"2725\" data-end=\"2740\">Adaptarse r\u00e1pidamente<\/p><\/li><li data-start=\"2741\" data-end=\"2768\"><p data-start=\"2743\" data-end=\"2768\">Offer competitive rates<\/p><\/li><li data-start=\"2769\" data-end=\"2801\"><p data-start=\"2771\" data-end=\"2801\">Garantizar la precisi\u00f3n operativa<\/p><\/li><li data-start=\"2802\" data-end=\"2833\"><p data-start=\"2804\" data-end=\"2833\">Ajustar los programas cuando sea necesario<\/p><\/li><li data-start=\"2834\" data-end=\"2873\"><p data-start=\"2836\" data-end=\"2873\">Mantener un control de calidad constante<\/p><\/li><\/ul><p data-start=\"2875\" data-end=\"3075\">Cada itinerario est\u00e1 dise\u00f1ado con realismo y atenci\u00f3n a los detalles (tiempos, distancias, estacionalidad, consideraciones culturales) para que la experiencia no solo sea hermosa en el papel, sino tambi\u00e9n fluida en la pr\u00e1ctica.<\/p>\t\t\t\t\t\t\t\t<\/div>\n\t\t\t\t<\/div>\n\t\t\t\t<\/div>\n\t\t\t\t\t<\/div>\n\t\t\t\t<\/div>\n\t\t<div class=\"elementor-element elementor-element-c12a067 e-flex e-con-boxed e-con e-parent\" data-id=\"c12a067\" data-element_type=\"container\" data-settings=\"{&quot;background_background&quot;:&quot;classic&quot;}\">\n\t\t\t\t\t<div class=\"e-con-inner\">\n\t\t\t\t<div class=\"elementor-element elementor-element-e5e911b elementor-widget-divider--view-line elementor-widget elementor-widget-divider\" data-id=\"e5e911b\" data-element_type=\"widget\" data-widget_type=\"divider.default\">\n\t\t\t\t<div class=\"elementor-widget-container\">\n\t\t\t\t\t\t\t<div class=\"elementor-divider\">\n\t\t\t<span class=\"elementor-divider-separator\">\n\t\t\t\t\t\t<\/span>\n\t\t<\/div>\n\t\t\t\t\t\t<\/div>\n\t\t\t\t<\/div>\n\t\t\t\t<div class=\"elementor-element elementor-element-995a731 elementor-widget__width-initial elementor-widget-mobile__width-inherit elementor-widget-tablet__width-initial elementor-invisible elementor-widget elementor-widget-text-editor\" data-id=\"995a731\" data-element_type=\"widget\" data-settings=\"{&quot;_animation&quot;:&quot;fadeInUp&quot;}\" data-widget_type=\"text-editor.default\">\n\t\t\t\t<div class=\"elementor-widget-container\">\n\t\t\t\t\t\t\t\t\t<p>Ponte en contacto con nuestro equipo para obtener un presupuesto para tu pr\u00f3ximo viaje.<\/p>\t\t\t\t\t\t\t\t<\/div>\n\t\t\t\t<\/div>\n\t\t\t\t<div class=\"elementor-element elementor-element-9d4d79c elementor-button-align-center elementor-widget elementor-widget-twbb_form\" data-id=\"9d4d79c\" data-element_type=\"widget\" data-settings=\"{&quot;step_next_label&quot;:&quot;Next&quot;,&quot;step_previous_label&quot;:&quot;Previous&quot;,&quot;button_width&quot;:&quot;100&quot;,&quot;step_type&quot;:&quot;number_text&quot;,&quot;step_icon_shape&quot;:&quot;circle&quot;}\" data-widget_type=\"twbb_form.default\">\n\t\t\t\t<div class=\"elementor-widget-container\">\n\t\t\t\t\t\t\t<form class=\"elementor-form\" method=\"post\" name=\"New Form\">\n\t\t\t<input type=\"hidden\" name=\"post_id\" value=\"3940\"\/>\n\t\t\t<input type=\"hidden\" name=\"form_id\" value=\"9d4d79c\"\/>\n\t\t\t<input type=\"hidden\" name=\"referer_title\" value=\"\" \/>\n\n\t\t\t\n\t\t\t<div class=\"elementor-form-fields-wrapper elementor-labels-above\">\n\t\t\t\t\t\t\t\t<div class=\"elementor-field-type-text elementor-field-group elementor-column elementor-field-group-name elementor-col-50\">\n\t\t\t\t\t\t\t\t\t\t\t\t<label for=\"form-field-name\" class=\"elementor-field-label\">\n\t\t\t\t\t\t\t\tName\t\t\t\t\t\t\t<\/label>\n\t\t\t\t\t\t\t\t\t\t\t\t\t\t<input size=\"1\" type=\"text\" name=\"form_fields[name]\" id=\"form-field-name\" class=\"elementor-field elementor-size-sm  elementor-field-textual\" placeholder=\"Name\">\n\t\t\t\t\t\t\t\t\t\t\t<\/div>\n\t\t\t\t\t\t\t\t<div class=\"elementor-field-type-email elementor-field-group elementor-column elementor-field-group-email elementor-col-50 elementor-field-required\">\n\t\t\t\t\t\t\t\t\t\t\t\t<label for=\"form-field-email\" class=\"elementor-field-label\">\n\t\t\t\t\t\t\t\tEmail\t\t\t\t\t\t\t<\/label>\n\t\t\t\t\t\t\t\t\t\t\t\t\t\t<input size=\"1\" type=\"email\" name=\"form_fields[email]\" id=\"form-field-email\" class=\"elementor-field elementor-size-sm  elementor-field-textual\" placeholder=\"Email\" required=\"required\" aria-required=\"true\">\n\t\t\t\t\t\t\t\t\t\t\t<\/div>\n\t\t\t\t\t\t\t\t<div class=\"elementor-field-type-textarea elementor-field-group elementor-column elementor-field-group-message elementor-col-100\">\n\t\t\t\t\t\t\t\t\t\t\t\t<label for=\"form-field-message\" class=\"elementor-field-label\">\n\t\t\t\t\t\t\t\tMessage\t\t\t\t\t\t\t<\/label>\n\t\t\t\t\t\t<textarea class=\"elementor-field-textual elementor-field  elementor-size-sm\" name=\"form_fields[message]\" id=\"form-field-message\" rows=\"4\" placeholder=\"Message\"><\/textarea>\t\t\t\t<\/div>\n\t\t\t\t\t\t\t\t<div class=\"elementor-field-group elementor-column elementor-field-type-submit elementor-col-100 e-form__buttons\">\n\t\t\t\t\t<button type=\"submit\" class=\"elementor-button\">\n\t\t\t\t\t\t<span >\n\t\t\t\t\t\t\t\t\t\t\t\t\t\t\t<span class=\" elementor-button-icon\">\n\t\t\t\t\t\t\t\t\t\t\t\t\t\t\t\t\t\t\t\t\t\t\t\t\t\t<\/span>\n\t\t\t\t\t\t\t\t\t\t\t\t\t\t\t\t\t\t\t\t\t\t<span class=\"elementor-button-text\">Send<\/span>\n\t\t\t\t\t\t\t\t\t\t\t\t\t<\/span>\n\t\t\t\t\t<\/button>\n          <button type=\"reset\" class=\"elementor-button elementor-hidden\">\n\t\t\t\t\t\t<span >\n\t\t\t\t\t\t\t              \t\t\t\t\t\t<\/span>\n          <\/button>\n\t\t\t\t<\/div>\n            \t\t\t<\/div>\n\t\t<\/form>\n\t\t\t\t\t\t<\/div>\n\t\t\t\t<\/div>\n\t\t\t\t\t<\/div>\n\t\t\t\t<\/div>\n\t\t\t\t<\/div>\n\t\t","protected":false},"excerpt":{"rendered":"<p>En Alturis Tours and Events, nos especializamos en la planificaci\u00f3n de viajes a medida que se adaptan a tus preferencias \u00fanicas. Nuestros expertos asesores proporcionan itinerarios personalizados y asistencia 24 horas al d\u00eda, 7 d\u00edas a la semana, garantizando una experiencia perfecta y memorable. <\/p>\n","protected":false},"author":2,"featured_media":2688,"parent":3956,"menu_order":0,"comment_status":"closed","ping_status":"closed","template":"","meta":{"two_page_speed":[],"footnotes":""},"class_list":["post-3940","page","type-page","status-publish","has-post-thumbnail","hentry"],"_links":{"self":[{"href":"https:\/\/alturistravel.com\/es\/wp-json\/wp\/v2\/pages\/3940","targetHints":{"allow":["GET"]}}],"collection":[{"href":"https:\/\/alturistravel.com\/es\/wp-json\/wp\/v2\/pages"}],"about":[{"href":"https:\/\/alturistravel.com\/es\/wp-json\/wp\/v2\/types\/page"}],"author":[{"embeddable":true,"href":"https:\/\/alturistravel.com\/es\/wp-json\/wp\/v2\/users\/2"}],"replies":[{"embeddable":true,"href":"https:\/\/alturistravel.com\/es\/wp-json\/wp\/v2\/comments?post=3940"}],"version-history":[{"count":0,"href":"https:\/\/alturistravel.com\/es\/wp-json\/wp\/v2\/pages\/3940\/revisions"}],"up":[{"embeddable":true,"href":"https:\/\/alturistravel.com\/es\/wp-json\/wp\/v2\/pages\/3956"}],"wp:featuredmedia":[{"embeddable":true,"href":"https:\/\/alturistravel.com\/es\/wp-json\/wp\/v2\/media\/2688"}],"wp:attachment":[{"href":"https:\/\/alturistravel.com\/es\/wp-json\/wp\/v2\/media?parent=3940"}],"curies":[{"name":"wp","href":"https:\/\/api.w.org\/{rel}","templated":true}]}}