{"id":3916,"date":"2025-01-08T06:36:24","date_gmt":"2025-01-08T06:36:24","guid":{"rendered":"https:\/\/alturistravel.com\/planification-de-voyage-sur-mesure\/"},"modified":"2026-02-20T05:38:52","modified_gmt":"2026-02-20T05:38:52","slug":"planification-de-voyage-sur-mesure","status":"publish","type":"page","link":"https:\/\/alturistravel.com\/fr\/accueil-agence-de-voyage-receptive-dubai\/nos-services\/planification-de-voyage-sur-mesure\/","title":{"rendered":"Planification de voyage sur mesure"},"content":{"rendered":"\t\t<div data-elementor-type=\"wp-page\" data-elementor-id=\"3916\" class=\"elementor elementor-3916 elementor-273\" data-elementor-post-type=\"page\">\n\t\t\t\t<div class=\"elementor-element elementor-element-38b7410 twbb_section twbb_full_h e-con-full e-flex e-con e-parent\" data-id=\"38b7410\" data-element_type=\"container\" data-settings=\"{&quot;background_background&quot;:&quot;classic&quot;,&quot;background_motion_fx_motion_fx_scrolling&quot;:&quot;yes&quot;,&quot;background_motion_fx_scale_effect&quot;:&quot;yes&quot;,&quot;background_motion_fx_scale_speed&quot;:{&quot;unit&quot;:&quot;px&quot;,&quot;size&quot;:7,&quot;sizes&quot;:[]},&quot;shape_divider_bottom&quot;:&quot;opacity-fan&quot;,&quot;background_motion_fx_scale_direction&quot;:&quot;out-in&quot;,&quot;background_motion_fx_scale_range&quot;:{&quot;unit&quot;:&quot;%&quot;,&quot;size&quot;:&quot;&quot;,&quot;sizes&quot;:{&quot;start&quot;:20,&quot;end&quot;:80}},&quot;background_motion_fx_devices&quot;:[&quot;desktop&quot;,&quot;tablet&quot;,&quot;mobile&quot;]}\">\n\t\t\t\t<div class=\"elementor-shape elementor-shape-bottom\" aria-hidden=\"true\" data-negative=\"false\">\n\t\t\t<svg xmlns=\"http:\/\/www.w3.org\/2000\/svg\" viewBox=\"0 0 283.5 19.6\" preserveAspectRatio=\"none\">\n\t<path class=\"elementor-shape-fill\" style=\"opacity:0.33\" d=\"M0 0L0 18.8 141.8 4.1 283.5 18.8 283.5 0z\"\/>\n\t<path class=\"elementor-shape-fill\" style=\"opacity:0.33\" d=\"M0 0L0 12.6 141.8 4 283.5 12.6 283.5 0z\"\/>\n\t<path class=\"elementor-shape-fill\" style=\"opacity:0.33\" d=\"M0 0L0 6.4 141.8 4 283.5 6.4 283.5 0z\"\/>\n\t<path class=\"elementor-shape-fill\" d=\"M0 0L0 1.2 141.8 4 283.5 1.2 283.5 0z\"\/>\n<\/svg>\t\t<\/div>\n\t\t\t\t<div class=\"elementor-element elementor-element-4ced61f elementor-widget__width-initial elementor-widget-mobile__width-inherit elementor-widget-tablet__width-initial elementor-invisible elementor-widget elementor-widget-heading\" data-id=\"4ced61f\" data-element_type=\"widget\" data-settings=\"{&quot;_animation&quot;:&quot;fadeInUp&quot;}\" data-widget_type=\"heading.default\">\n\t\t\t\t<div class=\"elementor-widget-container\">\n\t\t\t\t\t<h1 class=\"elementor-heading-title elementor-size-default\">Planification de voyage sur mesure<\/h1>\t\t\t\t<\/div>\n\t\t\t\t<\/div>\n\t\t\t\t<\/div>\n\t\t<div class=\"elementor-element elementor-element-8a7b697 e-con-full e-flex e-con e-child\" data-id=\"8a7b697\" data-element_type=\"container\">\n\t\t\t\t<div class=\"elementor-element elementor-element-48f2601 elementor-widget__width-initial elementor-widget elementor-widget-image\" data-id=\"48f2601\" data-element_type=\"widget\" data-settings=\"{&quot;motion_fx_motion_fx_scrolling&quot;:&quot;yes&quot;,&quot;motion_fx_scale_effect&quot;:&quot;yes&quot;,&quot;motion_fx_scale_direction&quot;:&quot;out-in&quot;,&quot;motion_fx_scale_speed&quot;:{&quot;unit&quot;:&quot;px&quot;,&quot;size&quot;:4,&quot;sizes&quot;:[]},&quot;motion_fx_scale_range&quot;:{&quot;unit&quot;:&quot;%&quot;,&quot;size&quot;:&quot;&quot;,&quot;sizes&quot;:{&quot;start&quot;:20,&quot;end&quot;:80}},&quot;motion_fx_devices&quot;:[&quot;desktop&quot;,&quot;tablet&quot;,&quot;mobile&quot;]}\" data-widget_type=\"image.default\">\n\t\t\t\t<div class=\"elementor-widget-container\">\n\t\t\t\t\t\t\t\t\t\t\t\t\t\t\t<img fetchpriority=\"high\" decoding=\"async\" width=\"768\" height=\"768\" src=\"https:\/\/alturistravel.com\/wp-content\/uploads\/2026\/02\/icon-alturis-logo-768x768.png\" class=\"attachment-tenweb_optimizer_tablet size-tenweb_optimizer_tablet wp-image-7313\" alt=\"\" srcset=\"https:\/\/alturistravel.com\/wp-content\/uploads\/2026\/02\/icon-alturis-logo-768x768.png 768w, https:\/\/alturistravel.com\/wp-content\/uploads\/2026\/02\/icon-alturis-logo-300x300.png 300w, https:\/\/alturistravel.com\/wp-content\/uploads\/2026\/02\/icon-alturis-logo-1024x1024.png 1024w, https:\/\/alturistravel.com\/wp-content\/uploads\/2026\/02\/icon-alturis-logo-150x150.png 150w, https:\/\/alturistravel.com\/wp-content\/uploads\/2026\/02\/icon-alturis-logo-600x600.png 600w, https:\/\/alturistravel.com\/wp-content\/uploads\/2026\/02\/icon-alturis-logo.png 1152w\" sizes=\"(max-width: 768px) 100vw, 768px\" \/>\t\t\t\t\t\t\t\t\t\t\t\t\t\t\t<\/div>\n\t\t\t\t<\/div>\n\t\t\t\t<\/div>\n\t\t<div class=\"elementor-element elementor-element-3f277d8 e-flex e-con-boxed e-con e-parent\" data-id=\"3f277d8\" data-element_type=\"container\">\n\t\t\t\t\t<div class=\"e-con-inner\">\n\t\t\t\t<div class=\"elementor-element elementor-element-76b65ba elementor-widget elementor-widget-twbb_breadcrumb\" data-id=\"76b65ba\" data-element_type=\"widget\" data-widget_type=\"twbb_breadcrumb.default\">\n\t\t\t\t<div class=\"elementor-widget-container\">\n\t\t\t\t\t<ul class=\"twbb-breadcrumb\"><li><a href=\"https:\/\/alturistravel.com\/fr\/\">Accueil<\/a><span class=\"breadcrumb-separator\"><svg aria-hidden=\"true\" class=\"e-font-icon-svg e-fa-angle-right\" viewBox=\"0 0 256 512\" xmlns=\"http:\/\/www.w3.org\/2000\/svg\"><path d=\"M224.3 273l-136 136c-9.4 9.4-24.6 9.4-33.9 0l-22.6-22.6c-9.4-9.4-9.4-24.6 0-33.9l96.4-96.4-96.4-96.4c-9.4-9.4-9.4-24.6 0-33.9L54.3 103c9.4-9.4 24.6-9.4 33.9 0l136 136c9.5 9.4 9.5 24.6.1 34z\"><\/path><\/svg><\/span><\/li><\/ul>\t\t\t\t<\/div>\n\t\t\t\t<\/div>\n\t\t\t\t\t<\/div>\n\t\t\t\t<\/div>\n\t\t<div class=\"elementor-element elementor-element-1c8d472 e-flex e-con-boxed e-con e-parent\" data-id=\"1c8d472\" data-element_type=\"container\">\n\t\t\t\t\t<div class=\"e-con-inner\">\n\t\t\t\t<div class=\"elementor-element elementor-element-32e0260 elementor-widget elementor-widget-spacer\" data-id=\"32e0260\" data-element_type=\"widget\" data-widget_type=\"spacer.default\">\n\t\t\t\t<div class=\"elementor-widget-container\">\n\t\t\t\t\t\t\t<div class=\"elementor-spacer\">\n\t\t\t<div class=\"elementor-spacer-inner\"><\/div>\n\t\t<\/div>\n\t\t\t\t\t\t<\/div>\n\t\t\t\t<\/div>\n\t\t\t\t<div class=\"elementor-element elementor-element-e3aad37 elementor-invisible elementor-widget elementor-widget-heading\" data-id=\"e3aad37\" data-element_type=\"widget\" data-settings=\"{&quot;_animation&quot;:&quot;slideInUp&quot;}\" data-widget_type=\"heading.default\">\n\t\t\t\t<div class=\"elementor-widget-container\">\n\t\t\t\t\t<h2 class=\"elementor-heading-title elementor-size-default\">Bien plus que du tourisme. De v\u00e9ritables voyages, con\u00e7us sur mesure. <\/h2>\t\t\t\t<\/div>\n\t\t\t\t<\/div>\n\t\t\t\t<div class=\"elementor-element elementor-element-c8e5aa4 elementor-widget elementor-widget-text-editor\" data-id=\"c8e5aa4\" data-element_type=\"widget\" data-widget_type=\"text-editor.default\">\n\t\t\t\t<div class=\"elementor-widget-container\">\n\t\t\t\t\t\t\t\t\t<p data-start=\"106\" data-end=\"163\">Chez Alturis, nous ne vendons pas de forfaits.<br data-start=\"141\" data-end=\"144\">Nous cr\u00e9ons des voyages.<\/p><p data-start=\"165\" data-end=\"435\">En tant qu&#8217;agence r\u00e9ceptive et DMC bas\u00e9e \u00e0 Duba\u00ef, nous concevons des exp\u00e9riences enti\u00e8rement personnalis\u00e9es aux \u00c9mirats arabes unis et \u00e0 Oman. Chaque programme est cr\u00e9\u00e9 sur mesure, en fonction du voyageur : sa personnalit\u00e9, son rythme de vie, ses attentes et son budget. <\/p><p data-start=\"437\" data-end=\"512\">Because no two travelers are the same, no two itineraries should be either.<\/p>\t\t\t\t\t\t\t\t<\/div>\n\t\t\t\t<\/div>\n\t\t<div class=\"elementor-element elementor-element-1fbfe66 e-con-full e-flex e-con e-child\" data-id=\"1fbfe66\" data-element_type=\"container\">\n\t\t\t\t<div class=\"elementor-element elementor-element-b5c6f74 elementor-mobile-align-center elementor-align-center elementor-widget elementor-widget-button\" data-id=\"b5c6f74\" data-element_type=\"widget\" data-widget_type=\"button.default\">\n\t\t\t\t<div class=\"elementor-widget-container\">\n\t\t\t\t\t\t\t\t\t<div class=\"elementor-button-wrapper\">\n\t\t\t\t\t<a class=\"elementor-button elementor-button-link elementor-size-sm\" href=\"https:\/\/alturistravel.com\/fr\/accueil-agence-de-voyage-receptive-dubai\/nos-services\/nos-voyages\/\">\n\t\t\t\t\t\t<span class=\"elementor-button-content-wrapper\">\n\t\t\t\t\t\t\t\t\t<span class=\"elementor-button-text\">Voir nos voyages<\/span>\n\t\t\t\t\t<\/span>\n\t\t\t\t\t<\/a>\n\t\t\t\t<\/div>\n\t\t\t\t\t\t\t\t<\/div>\n\t\t\t\t<\/div>\n\t\t\t\t<div class=\"elementor-element elementor-element-0da21cd elementor-align-left elementor-mobile-align-center elementor-widget elementor-widget-button\" data-id=\"0da21cd\" data-element_type=\"widget\" data-widget_type=\"button.default\">\n\t\t\t\t<div class=\"elementor-widget-container\">\n\t\t\t\t\t\t\t\t\t<div class=\"elementor-button-wrapper\">\n\t\t\t\t\t<a class=\"elementor-button elementor-button-link elementor-size-sm\" href=\"https:\/\/alturistravel.com\/fr\/accueil-agence-de-voyage-receptive-dubai\/nos-services\/\">\n\t\t\t\t\t\t<span class=\"elementor-button-content-wrapper\">\n\t\t\t\t\t\t\t\t\t<span class=\"elementor-button-text\">Our services<\/span>\n\t\t\t\t\t<\/span>\n\t\t\t\t\t<\/a>\n\t\t\t\t<\/div>\n\t\t\t\t\t\t\t\t<\/div>\n\t\t\t\t<\/div>\n\t\t\t\t<\/div>\n\t\t\t\t\t<\/div>\n\t\t\t\t<\/div>\n\t\t<div class=\"elementor-element elementor-element-c78cf0e e-flex e-con-boxed e-con e-parent\" data-id=\"c78cf0e\" data-element_type=\"container\">\n\t\t\t\t\t<div class=\"e-con-inner\">\n\t\t<div class=\"elementor-element elementor-element-d143e08 e-con-full e-flex e-con e-child\" data-id=\"d143e08\" data-element_type=\"container\" data-settings=\"{&quot;background_background&quot;:&quot;classic&quot;}\">\n\t\t\t\t<div class=\"elementor-element elementor-element-6037d72 elementor-widget elementor-widget-heading\" data-id=\"6037d72\" data-element_type=\"widget\" data-widget_type=\"heading.default\">\n\t\t\t\t<div class=\"elementor-widget-container\">\n\t\t\t\t\t<h2 class=\"elementor-heading-title elementor-size-default\">Des voyages con\u00e7us avec un objectif pr\u00e9cis, r\u00e9alis\u00e9s gr\u00e2ce \u00e0 une expertise locale.<\/h2>\t\t\t\t<\/div>\n\t\t\t\t<\/div>\n\t\t\t\t<div class=\"elementor-element elementor-element-6bc3280 elementor-widget elementor-widget-text-editor\" data-id=\"6bc3280\" data-element_type=\"widget\" data-widget_type=\"text-editor.default\">\n\t\t\t\t<div class=\"elementor-widget-container\">\n\t\t\t\t\t\t\t\t\t<p data-start=\"112\" data-end=\"260\">Chez Alturis, les voyages sur mesure ne sont ni une tendance ni un argument marketing ; ils sont au c\u0153ur de notre fa\u00e7on de travailler depuis l\u2019ouverture de notre agence r\u00e9ceptive \u00e0 Duba\u00ef en 2016.<\/p><p data-start=\"262\" data-end=\"458\">Nous sommes une agence de voyages r\u00e9ceptive sp\u00e9cialis\u00e9e dans <strong data-start=\"313\" data-end=\"346\">les \u00c9mirats arabes unis<\/strong> et Oman, et notre philosophie est simple : nous ne cr\u00e9ons pas de programmes pour remplir des agendas, nous cr\u00e9ons des voyages qui ont du sens.<\/p><p data-start=\"460\" data-end=\"776\">Les \u00c9mirats arabes unis et Oman sont des destinations de contrastes et de richesses. Derri\u00e8re l&#8217;horizon de Duba\u00ef se cache une jeune nation aux profondes racines b\u00e9douines. Au-del\u00e0 de la grandeur d&#8217;Abu Dhabi se d\u00e9ploie un patrimoine fa\u00e7onn\u00e9 par les p\u00eacheurs de perles et les tribus du d\u00e9sert. \u00c0 Oman, montagnes et oueds se m\u00ealent, fjords et forteresses ancestrales se c\u00f4toient, et l&#8217;hospitalit\u00e9 y demeure profond\u00e9ment authentique.   <\/p><p data-start=\"778\" data-end=\"965\">Pour comprendre ces destinations, il vous faut bien plus qu&#8217;une simple liste d&#8217;attractions. Il vous faut une pr\u00e9sence locale, une compr\u00e9hension culturelle et une v\u00e9ritable exp\u00e9rience de terrain. C&#8217;est pr\u00e9cis\u00e9ment ce que nous vous proposons.  <\/p>\t\t\t\t\t\t\t\t<\/div>\n\t\t\t\t<\/div>\n\t\t\t\t<\/div>\n\t\t<div class=\"elementor-element elementor-element-763daae e-con-full e-flex e-con e-child\" data-id=\"763daae\" data-element_type=\"container\" data-settings=\"{&quot;background_background&quot;:&quot;classic&quot;}\">\n\t\t\t\t<\/div>\n\t\t<div class=\"elementor-element elementor-element-ec80570 e-con-full e-flex e-con e-child\" data-id=\"ec80570\" data-element_type=\"container\" data-settings=\"{&quot;background_background&quot;:&quot;classic&quot;}\">\n\t\t\t\t<\/div>\n\t\t<div class=\"elementor-element elementor-element-7786780 e-con-full e-flex e-con e-child\" data-id=\"7786780\" data-element_type=\"container\" data-settings=\"{&quot;background_background&quot;:&quot;classic&quot;}\">\n\t\t\t\t<div class=\"elementor-element elementor-element-3001a88 elementor-widget elementor-widget-heading\" data-id=\"3001a88\" data-element_type=\"widget\" data-widget_type=\"heading.default\">\n\t\t\t\t<div class=\"elementor-widget-container\">\n\t\t\t\t\t<h2 class=\"elementor-heading-title elementor-size-default\">Tout voyage commence par l'\u00e9coute.<\/h2>\t\t\t\t<\/div>\n\t\t\t\t<\/div>\n\t\t\t\t<div class=\"elementor-element elementor-element-8f4918a elementor-widget elementor-widget-text-editor\" data-id=\"8f4918a\" data-element_type=\"widget\" data-widget_type=\"text-editor.default\">\n\t\t\t\t<div class=\"elementor-widget-container\">\n\t\t\t\t\t\t\t\t\t<p data-start=\"1016\" data-end=\"1090\">Nous pensons que la conception d&#8217;un voyage commence par la compr\u00e9hension du voyageur.<\/p><p data-start=\"1092\" data-end=\"1252\">Quel est leur rythme ?<br data-start=\"1111\" data-end=\"1114\">Qu&#8217;est-ce qui les inspire ?<br data-start=\"1133\" data-end=\"1136\">Sont-ils en qu\u00eate d&#8217;immersion culturelle, de monuments architecturaux, d&#8217;aventure dans le d\u00e9sert, de luxe raffin\u00e9 ou d&#8217;authenticit\u00e9 paisible ?<\/p><p data-start=\"1254\" data-end=\"1384\">Une fois le profil d\u00e9fini, nous cr\u00e9ons un programme enti\u00e8rement sur mesure. Il n&#8217;y a ni mod\u00e8les pr\u00e9d\u00e9finis ni packages standard. <\/p><p data-start=\"1386\" data-end=\"1408\">Nous s\u00e9lectionnons avec soin :<\/p><ul data-start=\"1409\" data-end=\"1660\"><li data-start=\"1409\" data-end=\"1482\"><p data-start=\"1411\" data-end=\"1482\">Choisir la cat\u00e9gorie d&#8217;h\u00e9bergement adapt\u00e9e \u00e0 mes attentes et \u00e0 mon budget.<\/p><\/li><li data-start=\"1483\" data-end=\"1521\"><p data-start=\"1485\" data-end=\"1521\">Les quartiers les plus appropri\u00e9s pour s\u00e9journer<\/p><\/li><li data-start=\"1522\" data-end=\"1569\"><p data-start=\"1524\" data-end=\"1569\">Transferts priv\u00e9s avec chauffeurs professionnels<\/p><\/li><li data-start=\"1570\" data-end=\"1617\"><p data-start=\"1572\" data-end=\"1617\">Des guides multilingues exp\u00e9riment\u00e9s sont disponibles sur demande.<\/p><\/li><li data-start=\"1618\" data-end=\"1660\"><p data-start=\"1620\" data-end=\"1660\">Des exp\u00e9riences qui vont au-del\u00e0 de l&#8217;\u00e9vidence<\/p><\/li><\/ul><p data-start=\"1662\" data-end=\"1741\">Le r\u00e9sultat est un itin\u00e9raire \u00e9quilibr\u00e9 qui para\u00eet naturel, fluide et personnalis\u00e9.<\/p>\t\t\t\t\t\t\t\t<\/div>\n\t\t\t\t<\/div>\n\t\t\t\t<\/div>\n\t\t\t\t\t<\/div>\n\t\t\t\t<\/div>\n\t\t<div class=\"elementor-element elementor-element-fc73284 e-flex e-con-boxed e-con e-parent\" data-id=\"fc73284\" data-element_type=\"container\">\n\t\t\t\t\t<div class=\"e-con-inner\">\n\t\t<div class=\"elementor-element elementor-element-93c25e5 e-con-full e-flex e-con e-child\" data-id=\"93c25e5\" data-element_type=\"container\" data-settings=\"{&quot;background_background&quot;:&quot;classic&quot;}\">\n\t\t\t\t<div class=\"elementor-element elementor-element-95b55a0 elementor-widget elementor-widget-heading\" data-id=\"95b55a0\" data-element_type=\"widget\" data-widget_type=\"heading.default\">\n\t\t\t\t<div class=\"elementor-widget-container\">\n\t\t\t\t\t<h2 class=\"elementor-heading-title elementor-size-default\">Plus que du tourisme \u2014 de vraies exp\u00e9riences<\/h2>\t\t\t\t<\/div>\n\t\t\t\t<\/div>\n\t\t\t\t<div class=\"elementor-element elementor-element-6fde1ea elementor-widget elementor-widget-text-editor\" data-id=\"6fde1ea\" data-element_type=\"widget\" data-widget_type=\"text-editor.default\">\n\t\t\t\t<div class=\"elementor-widget-container\">\n\t\t\t\t\t\t\t\t\t<p data-start=\"1793\" data-end=\"1891\">N&#8217;importe qui peut r\u00e9server un h\u00f4tel et un transfert.<br data-start=\"1832\" data-end=\"1835\">Ce qui fait la diff\u00e9rence, c&#8217;est la mani\u00e8re dont le voyage est organis\u00e9.<\/p><p data-start=\"1893\" data-end=\"2126\">Aux \u00c9mirats arabes unis, cela pourrait signifier combiner un lever de soleil sur les dunes rouges avec une exploration des quartiers historiques, une croisi\u00e8re en yacht priv\u00e9 ou une visite culturelle immersive expliquant le d\u00e9veloppement rapide du pays et ses traditions profondes..<\/p><p data-start=\"2128\" data-end=\"2357\">\u00c0 Oman, cela peut \u00eatre une nuit \u00e0 la belle \u00e9toile dans le d\u00e9sert, un s\u00e9jour dans les montagnes de Jabal Akhdar, une baignade dans des oueds turquoise, ou la d\u00e9couverte de forts centenaires et de villages locaux o\u00f9 la vie s&#8217;\u00e9coule encore \u00e0 un rythme diff\u00e9rent.<\/p><p data-start=\"2359\" data-end=\"2501\">Nous concevons des programmes qui refl\u00e8tent la v\u00e9ritable identit\u00e9 de chaque destination \u2014 non seulement les points forts, mais aussi l&#8217;atmosph\u00e8re, la culture, les histoires.<\/p>\t\t\t\t\t\t\t\t<\/div>\n\t\t\t\t<\/div>\n\t\t\t\t<\/div>\n\t\t<div class=\"elementor-element elementor-element-ae8405d e-con-full e-flex e-con e-child\" data-id=\"ae8405d\" data-element_type=\"container\" data-settings=\"{&quot;background_background&quot;:&quot;classic&quot;}\">\n\t\t\t\t<\/div>\n\t\t<div class=\"elementor-element elementor-element-50da942 e-con-full e-flex e-con e-child\" data-id=\"50da942\" data-element_type=\"container\" data-settings=\"{&quot;background_background&quot;:&quot;classic&quot;}\">\n\t\t\t\t<\/div>\n\t\t<div class=\"elementor-element elementor-element-0c59012 e-con-full e-flex e-con e-child\" data-id=\"0c59012\" data-element_type=\"container\" data-settings=\"{&quot;background_background&quot;:&quot;classic&quot;}\">\n\t\t\t\t<div class=\"elementor-element elementor-element-8aaa7c5 elementor-widget elementor-widget-heading\" data-id=\"8aaa7c5\" data-element_type=\"widget\" data-widget_type=\"heading.default\">\n\t\t\t\t<div class=\"elementor-widget-container\">\n\t\t\t\t\t<h2 class=\"elementor-heading-title elementor-size-default\">Pr\u00e9sence locale. Flexibilit\u00e9 r\u00e9elle. <\/h2>\t\t\t\t<\/div>\n\t\t\t\t<\/div>\n\t\t\t\t<div class=\"elementor-element elementor-element-d25d215 elementor-widget elementor-widget-text-editor\" data-id=\"d25d215\" data-element_type=\"widget\" data-widget_type=\"text-editor.default\">\n\t\t\t\t<div class=\"elementor-widget-container\">\n\t\t\t\t\t\t\t\t\t<p data-start=\"2550\" data-end=\"2700\">\u00c9tant bas\u00e9s \u00e0 Duba\u00ef et op\u00e9rant directement \u00e0 Oman, nous entretenons des relations \u00e9troites avec les h\u00f4tels, les fournisseurs, les guides et les prestataires de transport.<\/p><p data-start=\"2702\" data-end=\"2722\">Cela nous permet de :<\/p><ul data-start=\"2723\" data-end=\"2873\"><li data-start=\"2723\" data-end=\"2740\"><p data-start=\"2725\" data-end=\"2740\">S&#8217;adapter rapidement<\/p><\/li><li data-start=\"2741\" data-end=\"2768\"><p data-start=\"2743\" data-end=\"2768\">Proposer des tarifs comp\u00e9titifs<\/p><\/li><li data-start=\"2769\" data-end=\"2801\"><p data-start=\"2771\" data-end=\"2801\">Garantir la pr\u00e9cision op\u00e9rationnelle<\/p><\/li><li data-start=\"2802\" data-end=\"2833\"><p data-start=\"2804\" data-end=\"2833\">Ajustez les programmes au besoin<\/p><\/li><li data-start=\"2834\" data-end=\"2873\"><p data-start=\"2836\" data-end=\"2873\">Maintenir un contr\u00f4le de qualit\u00e9 constant<\/p><\/li><\/ul><p data-start=\"2875\" data-end=\"3075\">Chaque itin\u00e9raire est con\u00e7u avec r\u00e9alisme et souci du d\u00e9tail \u2014 horaires, distances, saisonnalit\u00e9, consid\u00e9rations culturelles \u2014 pour que l&#8217;exp\u00e9rience soit non seulement belle sur le papier, mais aussi sans accroc sur le terrain.<\/p>\t\t\t\t\t\t\t\t<\/div>\n\t\t\t\t<\/div>\n\t\t\t\t<\/div>\n\t\t\t\t\t<\/div>\n\t\t\t\t<\/div>\n\t\t<div class=\"elementor-element elementor-element-c12a067 e-flex e-con-boxed e-con e-parent\" data-id=\"c12a067\" data-element_type=\"container\" data-settings=\"{&quot;background_background&quot;:&quot;classic&quot;}\">\n\t\t\t\t\t<div class=\"e-con-inner\">\n\t\t\t\t<div class=\"elementor-element elementor-element-e5e911b elementor-widget-divider--view-line elementor-widget elementor-widget-divider\" data-id=\"e5e911b\" data-element_type=\"widget\" data-widget_type=\"divider.default\">\n\t\t\t\t<div class=\"elementor-widget-container\">\n\t\t\t\t\t\t\t<div class=\"elementor-divider\">\n\t\t\t<span class=\"elementor-divider-separator\">\n\t\t\t\t\t\t<\/span>\n\t\t<\/div>\n\t\t\t\t\t\t<\/div>\n\t\t\t\t<\/div>\n\t\t\t\t<div class=\"elementor-element elementor-element-995a731 elementor-widget__width-initial elementor-widget-mobile__width-inherit elementor-widget-tablet__width-initial elementor-invisible elementor-widget elementor-widget-text-editor\" data-id=\"995a731\" data-element_type=\"widget\" data-settings=\"{&quot;_animation&quot;:&quot;fadeInUp&quot;}\" data-widget_type=\"text-editor.default\">\n\t\t\t\t<div class=\"elementor-widget-container\">\n\t\t\t\t\t\t\t\t\t<p>Contactez notre \u00e9quipe pour obtenir un devis pour votre prochain voyage.<\/p>\t\t\t\t\t\t\t\t<\/div>\n\t\t\t\t<\/div>\n\t\t\t\t<div class=\"elementor-element elementor-element-9d4d79c elementor-button-align-center elementor-widget elementor-widget-twbb_form\" data-id=\"9d4d79c\" data-element_type=\"widget\" data-settings=\"{&quot;step_next_label&quot;:&quot;Next&quot;,&quot;step_previous_label&quot;:&quot;Previous&quot;,&quot;button_width&quot;:&quot;100&quot;,&quot;step_type&quot;:&quot;number_text&quot;,&quot;step_icon_shape&quot;:&quot;circle&quot;}\" data-widget_type=\"twbb_form.default\">\n\t\t\t\t<div class=\"elementor-widget-container\">\n\t\t\t\t\t\t\t<form class=\"elementor-form\" method=\"post\" name=\"New Form\">\n\t\t\t<input type=\"hidden\" name=\"post_id\" value=\"3916\"\/>\n\t\t\t<input type=\"hidden\" name=\"form_id\" value=\"9d4d79c\"\/>\n\t\t\t<input type=\"hidden\" name=\"referer_title\" value=\"\" \/>\n\n\t\t\t\n\t\t\t<div class=\"elementor-form-fields-wrapper elementor-labels-above\">\n\t\t\t\t\t\t\t\t<div class=\"elementor-field-type-text elementor-field-group elementor-column elementor-field-group-name elementor-col-50\">\n\t\t\t\t\t\t\t\t\t\t\t\t<label for=\"form-field-name\" class=\"elementor-field-label\">\n\t\t\t\t\t\t\t\tName\t\t\t\t\t\t\t<\/label>\n\t\t\t\t\t\t\t\t\t\t\t\t\t\t<input size=\"1\" type=\"text\" name=\"form_fields[name]\" id=\"form-field-name\" class=\"elementor-field elementor-size-sm  elementor-field-textual\" placeholder=\"Name\">\n\t\t\t\t\t\t\t\t\t\t\t<\/div>\n\t\t\t\t\t\t\t\t<div class=\"elementor-field-type-email elementor-field-group elementor-column elementor-field-group-email elementor-col-50 elementor-field-required\">\n\t\t\t\t\t\t\t\t\t\t\t\t<label for=\"form-field-email\" class=\"elementor-field-label\">\n\t\t\t\t\t\t\t\tEmail\t\t\t\t\t\t\t<\/label>\n\t\t\t\t\t\t\t\t\t\t\t\t\t\t<input size=\"1\" type=\"email\" name=\"form_fields[email]\" id=\"form-field-email\" class=\"elementor-field elementor-size-sm  elementor-field-textual\" placeholder=\"Email\" required=\"required\" aria-required=\"true\">\n\t\t\t\t\t\t\t\t\t\t\t<\/div>\n\t\t\t\t\t\t\t\t<div class=\"elementor-field-type-textarea elementor-field-group elementor-column elementor-field-group-message elementor-col-100\">\n\t\t\t\t\t\t\t\t\t\t\t\t<label for=\"form-field-message\" class=\"elementor-field-label\">\n\t\t\t\t\t\t\t\tMessage\t\t\t\t\t\t\t<\/label>\n\t\t\t\t\t\t<textarea class=\"elementor-field-textual elementor-field  elementor-size-sm\" name=\"form_fields[message]\" id=\"form-field-message\" rows=\"4\" placeholder=\"Message\"><\/textarea>\t\t\t\t<\/div>\n\t\t\t\t\t\t\t\t<div class=\"elementor-field-group elementor-column elementor-field-type-submit elementor-col-100 e-form__buttons\">\n\t\t\t\t\t<button type=\"submit\" class=\"elementor-button\">\n\t\t\t\t\t\t<span >\n\t\t\t\t\t\t\t\t\t\t\t\t\t\t\t<span class=\" elementor-button-icon\">\n\t\t\t\t\t\t\t\t\t\t\t\t\t\t\t\t\t\t\t\t\t\t\t\t\t\t<\/span>\n\t\t\t\t\t\t\t\t\t\t\t\t\t\t\t\t\t\t\t\t\t\t<span class=\"elementor-button-text\">Send<\/span>\n\t\t\t\t\t\t\t\t\t\t\t\t\t<\/span>\n\t\t\t\t\t<\/button>\n          <button type=\"reset\" class=\"elementor-button elementor-hidden\">\n\t\t\t\t\t\t<span >\n\t\t\t\t\t\t\t              \t\t\t\t\t\t<\/span>\n          <\/button>\n\t\t\t\t<\/div>\n            \t\t\t<\/div>\n\t\t<\/form>\n\t\t\t\t\t\t<\/div>\n\t\t\t\t<\/div>\n\t\t\t\t\t<\/div>\n\t\t\t\t<\/div>\n\t\t\t\t<\/div>\n\t\t","protected":false},"excerpt":{"rendered":"<p>Chez Alturis Tours and Events, nous sommes sp\u00e9cialis\u00e9s dans l&#8217;organisation de voyages sur mesure qui r\u00e9pondent \u00e0 vos pr\u00e9f\u00e9rences uniques. Nos consultants experts vous proposent des itin\u00e9raires personnalis\u00e9s et une assistance 24 heures sur 24, 7 jours sur 7, afin de vous garantir une exp\u00e9rience m\u00e9morable et sans faille. <\/p>\n","protected":false},"author":2,"featured_media":2687,"parent":3965,"menu_order":0,"comment_status":"closed","ping_status":"closed","template":"","meta":{"two_page_speed":[],"footnotes":""},"class_list":["post-3916","page","type-page","status-publish","has-post-thumbnail","hentry"],"_links":{"self":[{"href":"https:\/\/alturistravel.com\/fr\/wp-json\/wp\/v2\/pages\/3916","targetHints":{"allow":["GET"]}}],"collection":[{"href":"https:\/\/alturistravel.com\/fr\/wp-json\/wp\/v2\/pages"}],"about":[{"href":"https:\/\/alturistravel.com\/fr\/wp-json\/wp\/v2\/types\/page"}],"author":[{"embeddable":true,"href":"https:\/\/alturistravel.com\/fr\/wp-json\/wp\/v2\/users\/2"}],"replies":[{"embeddable":true,"href":"https:\/\/alturistravel.com\/fr\/wp-json\/wp\/v2\/comments?post=3916"}],"version-history":[{"count":0,"href":"https:\/\/alturistravel.com\/fr\/wp-json\/wp\/v2\/pages\/3916\/revisions"}],"up":[{"embeddable":true,"href":"https:\/\/alturistravel.com\/fr\/wp-json\/wp\/v2\/pages\/3965"}],"wp:featuredmedia":[{"embeddable":true,"href":"https:\/\/alturistravel.com\/fr\/wp-json\/wp\/v2\/media\/2687"}],"wp:attachment":[{"href":"https:\/\/alturistravel.com\/fr\/wp-json\/wp\/v2\/media?parent=3916"}],"curies":[{"name":"wp","href":"https:\/\/api.w.org\/{rel}","templated":true}]}}